{"id":15250,"date":"2015-05-12T13:39:47","date_gmt":"2015-05-12T13:39:47","guid":{"rendered":"http:\/\/demo.qodeinteractive.com\/bridge108\/?page_id=15250"},"modified":"2020-01-29T15:45:09","modified_gmt":"2020-01-29T15:45:09","slug":"home-7","status":"publish","type":"page","link":"https:\/\/veccsa.com\/_stagev\/","title":{"rendered":"Inicio"},"content":{"rendered":"<p>[vc_row row_type=\u00bbrow\u00bb use_row_as_full_screen_section=\u00bbyes\u00bb type=\u00bbfull_width\u00bb angled_section=\u00bbno\u00bb text_align=\u00bbleft\u00bb background_image_as_pattern=\u00bbwithout_pattern\u00bb css_animation=\u00bb\u00bb][vc_column][rev_slider alias=\u00bbhome\u00bb][\/vc_column][\/vc_row][vc_row row_type=\u00bbrow\u00bb use_row_as_full_screen_section=\u00bbno\u00bb type=\u00bbfull_width\u00bb angled_section=\u00bbno\u00bb text_align=\u00bbcenter\u00bb background_image_as_pattern=\u00bbwithout_pattern\u00bb padding_top=\u00bb83&#8243; padding_bottom=\u00bb82&#8243; css_animation=\u00bb\u00bb][vc_column][vc_column_text el_class=\u00bbquienessomos\u00bb]<\/p>\n<h6 style=\"text-align: center;\">QUIENES SOMOS<\/h6>\n<p>[\/vc_column_text][vc_separator type=\u00bbtransparent\u00bb up=\u00bb25&#8243; down=\u00bb0&#8243;][vc_row_inner row_type=\u00bbrow\u00bb type=\u00bbfull_width\u00bb text_align=\u00bbleft\u00bb css_animation=\u00bb\u00bb][vc_column_inner width=\u00bb1\/6&#8243;][\/vc_column_inner][vc_column_inner width=\u00bb2\/3&#8243;][vc_column_text]Nuestra empresa comenz\u00f3 en el a\u00f1o 1984 con el objetivo de brindar un programa integral a los servicios de medicina nuclear en Argentina. Esto incluye la venta, instalaci\u00f3n, capacitaci\u00f3n y el mantenimiento de los sistemas con una atenci\u00f3n profesional y personalizada. A lo largo de nuestra historia, logramos asentarnos en el mercado local y ampliar nuestros servicios a varios pa\u00edses de la regi\u00f3n. Con la visi\u00f3n de la mejora constante, desarrollamos y fabricamos equipamiento complementario para facilitar los procedimientos de los servicios nucleares. Hoy, con m\u00e1s de treinta a\u00f1os de trayectoria, contamos con la capacidad necesaria para brindar un servicio de primer nivel tanto en la comercializaci\u00f3n de sistemas reacondicionados como nuevos al contar con la representaci\u00f3n de empresas l\u00edderes en el mercado mundial.<\/p>\n<p>[\/vc_column_text][\/vc_column_inner][vc_column_inner width=\u00bb1\/6&#8243;][\/vc_column_inner][\/vc_row_inner][\/vc_column][\/vc_row][vc_row row_type=\u00bbrow\u00bb use_row_as_full_screen_section=\u00bbno\u00bb type=\u00bbfull_width\u00bb angled_section=\u00bbno\u00bb text_align=\u00bbleft\u00bb background_image_as_pattern=\u00bbwithout_pattern\u00bb css_animation=\u00bb\u00bb][vc_column][vc_gallery type=\u00bbimage_grid\u00bb images=\u00bb16512,16513,16514,16511,16515&#8243; img_size=\u00bb385&#215;385&#8243; onclick=\u00bbcustom_link\u00bb column_number=\u00bb5&#8243; grayscale=\u00bbyes\u00bb images_space=\u00bbgallery_without_space\u00bb custom_links=\u00bb#E-8_aHR0cCUzQSUyRiUyRnd3dy52ZWNjc2EuY29tJTJGX3N0YWdldiUyRnBvcnRmb2xpb19wYWdlJTJGcXVhbnR1bWNhbSUyRiUyQ2h0dHAlM0ElMkYlMkZ3d3cudmVjY3NhLmNvbSUyRl9zdGFnZXYlMkZwb3J0Zm9saW9fcGFnZSUyRmNvcmNhbSUyRiUyQ2h0dHAlM0ElMkYlMkZ3d3cudmVjY3NhLmNvbSUyRl9zdGFnZXYlMkZwb3J0Zm9saW9fcGFnZSUyRmRzcGVjdC1sJTJGJTJDaHR0cCUzQSUyRiUyRnd3dy52ZWNjc2EuY29tJTJGX3N0YWdldiUyRnBvcnRmb2xpb19wYWdlJTJGZ2FtbWFzZW5zJTJGJTJDaHR0cCUzQSUyRiUyRnd3dy52ZWNjc2EuY29tJTJGX3N0YWdldiUyRnBvcnRmb2xpb19wYWdlJTJGdmV4Y2FsJTJG\u00bb][\/vc_column][\/vc_row][vc_row row_type=\u00bbrow\u00bb use_row_as_full_screen_section=\u00bbno\u00bb type=\u00bbgrid\u00bb angled_section=\u00bbno\u00bb text_align=\u00bbcenter\u00bb background_image_as_pattern=\u00bbwithout_pattern\u00bb background_color=\u00bb#f7f7f7&#8243; padding_top=\u00bb80&#8243; padding_bottom=\u00bb30&#8243; css_animation=\u00bb\u00bb css=\u00bb.vc_custom_1474516330869{margin-top: 5px !important;padding-top: 50px !important;padding-bottom: 50px !important;}\u00bb][vc_column][vc_column_text]<\/p>\n<h6 style=\"text-align: center;\">DESTACADOS<\/h6>\n<p>[\/vc_column_text][vc_separator type=\u00bbtransparent\u00bb up=\u00bb50&#8243; down=\u00bb0&#8243;][vc_row_inner row_type=\u00bbrow\u00bb type=\u00bbfull_width\u00bb text_align=\u00bbleft\u00bb css_animation=\u00bb\u00bb][vc_column_inner width=\u00bb1\/4&#8243;][vc_single_image image=\u00bb16646&#8243; img_size=\u00bb\u00bb alignment=\u00bbcenter\u00bb qode_css_animation=\u00bb\u00bb][vc_empty_space height=\u00bb13px\u00bb][vc_column_text]<\/p>\n<h5 style=\"text-align: center;\">EQUIPOS<\/h5>\n<p>[\/vc_column_text][vc_column_text]<\/p>\n<p style=\"text-align: center;\"><a href=\"https:\/\/veccsa.com\/_stagev\/productos\/\">+ INFO<\/a><\/p>\n<p>[\/vc_column_text][\/vc_column_inner][vc_column_inner width=\u00bb1\/4&#8243;][vc_single_image image=\u00bb16306&#8243; img_size=\u00bb\u00bb alignment=\u00bbcenter\u00bb qode_css_animation=\u00bb\u00bb][vc_empty_space height=\u00bb13px\u00bb][vc_column_text]<\/p>\n<h5 style=\"text-align: center;\">PRODUCTOS COMPLEMENTARIOS<\/h5>\n<p>[\/vc_column_text][vc_column_text]<\/p>\n<p style=\"text-align: center;\"><a href=\"https:\/\/veccsa.com\/_stagev\/complementarios\/\">+ INFO<\/a><\/p>\n<p>[\/vc_column_text][\/vc_column_inner][vc_column_inner width=\u00bb1\/4&#8243;][vc_single_image image=\u00bb15514&#8243; img_size=\u00bb\u00bb alignment=\u00bbcenter\u00bb qode_css_animation=\u00bb\u00bb][vc_empty_space height=\u00bb13px\u00bb][vc_column_text]<\/p>\n<h5 style=\"text-align: center;\">DESCARGAS<\/h5>\n<p>[\/vc_column_text][vc_column_text]<\/p>\n<p style=\"text-align: center;\"><a href=\"https:\/\/veccsa.com\/_stagev\/descargas\/\">+ INFO<\/a><\/p>\n<p>[\/vc_column_text][\/vc_column_inner][vc_column_inner width=\u00bb1\/4&#8243;][vc_single_image image=\u00bb16310&#8243; img_size=\u00bb\u00bb alignment=\u00bbcenter\u00bb qode_css_animation=\u00bb\u00bb][vc_empty_space height=\u00bb13px\u00bb][vc_column_text]<\/p>\n<h5 style=\"text-align: center;\">NOVEDADES<\/h5>\n<p>[\/vc_column_text][vc_column_text]<\/p>\n<p style=\"text-align: center;\"><a href=\"https:\/\/veccsa.com\/_stagev\/novedades\/\">+ INFO<\/a><\/p>\n<p>[\/vc_column_text][\/vc_column_inner][\/vc_row_inner][\/vc_column][\/vc_row][vc_row row_type=\u00bbrow\u00bb use_row_as_full_screen_section=\u00bbno\u00bb type=\u00bbgrid\u00bb angled_section=\u00bbno\u00bb text_align=\u00bbcenter\u00bb background_image_as_pattern=\u00bbwithout_pattern\u00bb padding_top=\u00bb60&#8243; padding_bottom=\u00bb30&#8243; css_animation=\u00bb\u00bb][vc_column width=\u00bb1\/2&#8243;][vc_separator type=\u00bbtransparent\u00bb up=\u00bb20&#8243; down=\u00bb0&#8243;][vc_column_text]<\/p>\n<h6 style=\"text-align: center;\">LANZAMIENTO NUEVA WEB<\/h6>\n<p>[\/vc_column_text][vc_separator type=\u00bbtransparent\u00bb up=\u00bb20&#8243;][vc_column_text]<\/p>\n<p style=\"text-align: left;\">Ahora puede visitar nuestro nuevo site desde su celular, tablet, notebook, etc.<\/p>\n<p>[\/vc_column_text][vc_separator type=\u00bbtransparent\u00bb up=\u00bb35&#8243; down=\u00bb0&#8243;]<a id=\"Porque queremos acercarnos a usted, dise\u00f1amos un nuevo site para que comprar nuestros productos sea mucho m\u00e1s f\u00e1cil desde su celular, tablet, notebook, etc.\" itemprop=\"url\" href=\"https:\/\/veccsa.com\/_stagev\/contacto\/\" target=\"_self\"  class=\"qbutton  default\" style=\"margin: 0px 0px 30px 0px; background-color: #3071b5;\">CONSULTAR<\/a>[vc_separator type=\u00bbtransparent\u00bb up=\u00bb30&#8243; down=\u00bb0&#8243;][\/vc_column][vc_column width=\u00bb1\/2&#8243;][vc_separator type=\u00bbtransparent\u00bb up=\u00bb30&#8243; down=\u00bb0&#8243;][vc_single_image image=\u00bb16311&#8243; img_size=\u00bbfull\u00bb alignment=\u00bbcenter\u00bb onclick=\u00bbcustom_link\u00bb img_link_target=\u00bb_blank\u00bb qode_css_animation=\u00bb\u00bb link=\u00bbhttp:\/\/cardiovex.tiendas.coop\u00bb][\/vc_column][\/vc_row][vc_row row_type=\u00bbrow\u00bb use_row_as_full_screen_section=\u00bbyes\u00bb type=\u00bbfull_width\u00bb angled_section=\u00bbno\u00bb text_align=\u00bbcenter\u00bb background_image=\u00bb15550&#8243; background_image_as_pattern=\u00bbwithout_pattern\u00bb padding_top=\u00bb50&#8243; padding_bottom=\u00bb50&#8243; css_animation=\u00bb\u00bb][vc_column width=\u00bb1\/6&#8243;][\/vc_column][vc_column width=\u00bb2\/3&#8243;][vc_empty_space height=\u00bb377&#8243; background_image=\u00bb16656&#8243; image_repeat=\u00bbno-repeat\u00bb css=\u00bb.vc_custom_1524769207808{background-position: 0 0 !important;background-repeat: no-repeat !important;}\u00bb][\/vc_column][vc_column width=\u00bb1\/6&#8243;][\/vc_column][\/vc_row][vc_row row_type=\u00bbrow\u00bb use_row_as_full_screen_section=\u00bbno\u00bb type=\u00bbgrid\u00bb angled_section=\u00bbno\u00bb text_align=\u00bbleft\u00bb background_image_as_pattern=\u00bbwithout_pattern\u00bb background_color=\u00bb#f7f7f7&#8243; padding_top=\u00bb60&#8243; padding_bottom=\u00bb60&#8243; css_animation=\u00bb\u00bb][vc_column width=\u00bb1\/4&#8243;][\/vc_column][vc_column width=\u00bb1\/4&#8243;][vc_single_image image=\u00bb15572&#8243; img_size=\u00bbfull\u00bb onclick=\u00bbcustom_link\u00bb qode_css_animation=\u00bb\u00bb qode_hover_animation=\u00bbzoom_in\u00bb link=\u00bbhttp:\/\/www.cardiovex.com.ar\u00bb][\/vc_column][vc_column width=\u00bb1\/4&#8243;][vc_single_image image=\u00bb15566&#8243; img_size=\u00bbfull\u00bb onclick=\u00bbcustom_link\u00bb img_link_target=\u00bb_blank\u00bb qode_css_animation=\u00bb\u00bb qode_hover_animation=\u00bbzoom_in\u00bb link=\u00bbhttp:\/\/www.veccsa.com\/\u00bb][\/vc_column][vc_column width=\u00bb1\/4&#8243;][\/vc_column][\/vc_row]<\/p>\n","protected":false},"excerpt":{"rendered":"<p>[vc_row row_type=\u00bbrow\u00bb use_row_as_full_screen_section=\u00bbyes\u00bb type=\u00bbfull_width\u00bb angled_section=\u00bbno\u00bb text_align=\u00bbleft\u00bb background_image_as_pattern=\u00bbwithout_pattern\u00bb css_animation=\u00bb\u00bb][vc_column][rev_slider alias=\u00bbhome\u00bb][\/vc_column][\/vc_row][vc_row row_type=\u00bbrow\u00bb use_row_as_full_screen_section=\u00bbno\u00bb type=\u00bbfull_width\u00bb angled_section=\u00bbno\u00bb text_align=\u00bbcenter\u00bb background_image_as_pattern=\u00bbwithout_pattern\u00bb padding_top=\u00bb83&#8243; padding_bottom=\u00bb82&#8243; css_animation=\u00bb\u00bb][vc_column][vc_column_text el_class=\u00bbquienessomos\u00bb] QUIENES SOMOS [\/vc_column_text][vc_separator type=\u00bbtransparent\u00bb up=\u00bb25&#8243; down=\u00bb0&#8243;][vc_row_inner row_type=\u00bbrow\u00bb type=\u00bbfull_width\u00bb text_align=\u00bbleft\u00bb css_animation=\u00bb\u00bb][vc_column_inner width=\u00bb1\/6&#8243;][\/vc_column_inner][vc_column_inner width=\u00bb2\/3&#8243;][vc_column_text]Nuestra empresa comenz\u00f3 en el a\u00f1o 1984 con el objetivo de brindar un programa integral&#8230;<\/p>\n","protected":false},"author":1,"featured_media":0,"parent":0,"menu_order":0,"comment_status":"open","ping_status":"closed","template":"full_width.php","meta":{"footnotes":""},"class_list":["post-15250","page","type-page","status-publish","hentry"],"_links":{"self":[{"href":"https:\/\/veccsa.com\/_stagev\/wp-json\/wp\/v2\/pages\/15250","targetHints":{"allow":["GET"]}}],"collection":[{"href":"https:\/\/veccsa.com\/_stagev\/wp-json\/wp\/v2\/pages"}],"about":[{"href":"https:\/\/veccsa.com\/_stagev\/wp-json\/wp\/v2\/types\/page"}],"author":[{"embeddable":true,"href":"https:\/\/veccsa.com\/_stagev\/wp-json\/wp\/v2\/users\/1"}],"replies":[{"embeddable":true,"href":"https:\/\/veccsa.com\/_stagev\/wp-json\/wp\/v2\/comments?post=15250"}],"version-history":[{"count":135,"href":"https:\/\/veccsa.com\/_stagev\/wp-json\/wp\/v2\/pages\/15250\/revisions"}],"predecessor-version":[{"id":16793,"href":"https:\/\/veccsa.com\/_stagev\/wp-json\/wp\/v2\/pages\/15250\/revisions\/16793"}],"wp:attachment":[{"href":"https:\/\/veccsa.com\/_stagev\/wp-json\/wp\/v2\/media?parent=15250"}],"curies":[{"name":"wp","href":"https:\/\/api.w.org\/{rel}","templated":true}]}}