{"id":15445,"date":"2015-05-27T07:13:27","date_gmt":"2015-05-27T07:13:27","guid":{"rendered":"http:\/\/demo.qodeinteractive.com\/bridge108\/?page_id=15445"},"modified":"2025-10-15T12:11:22","modified_gmt":"2025-10-15T12:11:22","slug":"contacto","status":"publish","type":"page","link":"https:\/\/veccsa.com\/_stagev\/contacto\/","title":{"rendered":"Contactenos"},"content":{"rendered":"<p>[vc_row row_type=\u00bbrow\u00bb use_row_as_full_screen_section=\u00bbno\u00bb type=\u00bbgrid\u00bb angled_section=\u00bbno\u00bb text_align=\u00bbleft\u00bb background_image_as_pattern=\u00bbwithout_pattern\u00bb padding_top=\u00bb80&#8243; padding_bottom=\u00bb49&#8243; css_animation=\u00bb\u00bb qaparallax_content_width=\u00bbin_grid\u00bb][vc_column width=\u00bb1\/2&#8243; el_class=\u00bbcontactoform\u00bb][vc_column_text]<\/p>\n<h3>SERVICIO T\u00c9CNICO<\/h3>\n<p>[\/vc_column_text][vc_separator type=\u00bbtransparent\u00bb up=\u00bb22&#8243; down=\u00bb0&#8243;][vc_column_text]<br \/>\n[\/vc_column_text][vc_column_text]Podr\u00e1s conectarte a trav\u00e9s de nuestros tel\u00e9fonos (5411) 4572-7004 o (5411) 3424-6414, y uno de nuestros representantes podr\u00e1 resolver cualquier duda o consulta.<\/p>\n<p>[\/vc_column_text][vc_separator type=\u00bbtransparent\u00bb up=\u00bb22&#8243; down=\u00bb0&#8243;]<\/p>\n<p>[vc_separator type=\u00bbtransparent\u00bb up=\u00bb40&#8243; down=\u00bb60&#8243;][\/vc_column][vc_column width=\u00bb1\/2&#8243;][vc_column_text]<\/p>\n<h3>NUESTRAS OFICINAS<\/h3>\n<p>[\/vc_column_text][vc_separator type=\u00bbtransparent\u00bb up=\u00bb22&#8243; down=\u00bb0&#8243;][vc_column_text]Juramento 5841 (C1431CLA)<br \/>\nBuenos Aires, Argentina\u00b7<\/p>\n<p>[\/vc_column_text][vc_separator type=\u00bbtransparent\u00bb up=\u00bb22&#8243; down=\u00bb0&#8243;][vc_column_text]<a href=\"http:\/\/api.whatsapp.com\/send?phone=5491144790515&amp;text=El equipo de Veccsa le da la bienvenida!\"><img decoding=\"async\" class=\"alignnone wp-image-16209 size-full\" src=\"https:\/\/veccsa.com\/_stagev\/wp-content\/uploads\/2015\/05\/iconowhatsapp_ventas.jpg\" alt=\"iconowhatsapp_ventas\" width=\"221\" height=\"59\"><\/a><\/p>\n<p>[\/vc_column_text][vc_separator type=\u00bbtransparent\u00bb up=\u00bb22&#8243; down=\u00bb0&#8243;][vc_column_text css=\u00bb.vc_custom_1479957257088{margin-top: 50px !important;}\u00bb]<br \/>\n[vc_separator type=\u00bbtransparent\u00bb up=\u00bb22&#8243; down=\u00bb0&#8243;][vc_separator type=\u00bbtransparent\u00bb up=\u00bb22&#8243; down=\u00bb0&#8243;][\/vc_column][\/vc_row][vc_row row_type=\u00bbrow\u00bb use_row_as_full_screen_section=\u00bbyes\u00bb type=\u00bbfull_width\u00bb angled_section=\u00bbno\u00bb text_align=\u00bbleft\u00bb background_image_as_pattern=\u00bbwithout_pattern\u00bb css_animation=\u00bb\u00bb][vc_column][vc_raw_html]JTNDaWZyYW1lJTIwc3JjJTNEJTIyaHR0cHMlM0ElMkYlMkZ3d3cuZ29vZ2xlLmNvbSUyRm1hcHMlMkZlbWJlZCUzRnBiJTNEJTIxMW0xOCUyMTFtMTIlMjExbTMlMjExZDMyODQuODYwMDc2NzQzMTUyJTIxMmQtNTguNDkyNjU5Njg0MjgyNTElMjEzZC0zNC41ODI0MDY4ODA0NjQ5MiUyMTJtMyUyMTFmMCUyMTJmMCUyMTNmMCUyMTNtMiUyMTFpMTAyNCUyMTJpNzY4JTIxNGYxMy4xJTIxM20zJTIxMW0yJTIxMXMweDk1YmNiNjQzOTQ3NjQzYzMlMjUzQTB4YzNjZmJmOTRjYTVjZDRiNCUyMTJzSnVyYW1lbnRvJTJCNTg0MSUyNTJDJTJCQzE0MzFDTEElMkJDQUJBJTIxNWUwJTIxM20yJTIxMXNlcy00MTklMjEyc2FyJTIxNHYxNDc0NTU5MTY1NzczJTIyJTIwd2lkdGglM0QlMjIxMDAlMjUlMjIlMjBoZWlnaHQlM0QlMjI0NTAlMjIlMjBmcmFtZWJvcmRlciUzRCUyMjAlMjIlMjBzdHlsZSUzRCUyMmJvcmRlciUzQTAlMjIlMjBhbGxvd2Z1bGxzY3JlZW4lM0UlM0MlMkZpZnJhbWUlM0U=[\/vc_raw_html][\/vc_column][\/vc_row][vc_row row_type=\u00bbrow\u00bb use_row_as_full_screen_section=\u00bbyes\u00bb type=\u00bbfull_width\u00bb angled_section=\u00bbno\u00bb text_align=\u00bbleft\u00bb background_image_as_pattern=\u00bbwithout_pattern\u00bb css_animation=\u00bb\u00bb][vc_column][vc_gallery type=\u00bbimage_grid\u00bb images=\u00bb16512,16513,16514,16511,16515&#8243; img_size=\u00bb385&#215;385&#8243; onclick=\u00bbcustom_link\u00bb column_number=\u00bb5&#8243; grayscale=\u00bbyes\u00bb images_space=\u00bbgallery_without_space\u00bb custom_links=\u00bb#E-8_aHR0cCUzQSUyRiUyRnd3dy52ZWNjc2EuY29tJTJGd2ViMjAxOCUyRl9zdGFnZSUyRnBvcnRmb2xpb19wYWdlJTJGcXVhbnR1bWNhbSUyRiUyQ2h0dHAlM0ElMkYlMkZ3d3cudmVjY3NhLmNvbSUyRndlYjIwMTglMkZfc3RhZ2UlMkZwb3J0Zm9saW9fcGFnZSUyRmNvcmNhbSUyRiUyQ2h0dHAlM0ElMkYlMkZ3d3cudmVjY3NhLmNvbSUyRndlYjIwMTglMkZfc3RhZ2UlMkZwb3J0Zm9saW9fcGFnZSUyRmRzcGVjdC1sJTJGJTJDaHR0cCUzQSUyRiUyRnd3dy52ZWNjc2EuY29tJTJGd2ViMjAxOCUyRl9zdGFnZSUyRnBvcnRmb2xpb19wYWdlJTJGZ2FtbWFzZW5zJTJGJTJDaHR0cCUzQSUyRiUyRnd3dy52ZWNjc2EuY29tJTJGd2ViMjAxOCUyRl9zdGFnZSUyRnBvcnRmb2xpb19wYWdlJTJGdmV4Y2FsJTJG\u00bb][\/vc_column][\/vc_row][vc_row row_type=\u00bbrow\u00bb use_row_as_full_screen_section=\u00bbno\u00bb type=\u00bbgrid\u00bb angled_section=\u00bbno\u00bb text_align=\u00bbcenter\u00bb background_image_as_pattern=\u00bbwithout_pattern\u00bb padding_top=\u00bb60&#8243; padding_bottom=\u00bb30&#8243; css_animation=\u00bb\u00bb][vc_column width=\u00bb1\/2&#8243;][vc_separator type=\u00bbtransparent\u00bb up=\u00bb20&#8243; down=\u00bb0&#8243;][vc_column_text]<\/p>\n<h6 style=\"text-align: center;\">LANZAMIENTO NUEVA WEB<\/h6>\n<p>[\/vc_column_text][vc_separator type=\u00bbtransparent\u00bb up=\u00bb20&#8243;][vc_column_text]<\/p>\n<p style=\"text-align: left;\">Ahora puede visitar nuestro nuevo site desde su celular, tablet, notebook, etc.<\/p>\n<p>[\/vc_column_text][vc_separator type=\u00bbtransparent\u00bb up=\u00bb35&#8243; down=\u00bb0&#8243;]<a  itemprop=\"url\" href=\"\" target=\"_self\"  class=\"qbutton  default\" style=\"margin: 0px 0px 30px 0px; background-color: #3071b5;\">CONSULTAR<\/a>[vc_separator type=\u00bbtransparent\u00bb up=\u00bb30&#8243; down=\u00bb0&#8243;][\/vc_column][vc_column width=\u00bb1\/2&#8243;][vc_separator type=\u00bbtransparent\u00bb up=\u00bb30&#8243; down=\u00bb0&#8243;][vc_single_image image=\u00bb16311&#8243; img_size=\u00bbfull\u00bb alignment=\u00bbcenter\u00bb qode_css_animation=\u00bb\u00bb][\/vc_column][\/vc_row]<\/p>\n","protected":false},"excerpt":{"rendered":"<p>[vc_row row_type=\u00bbrow\u00bb use_row_as_full_screen_section=\u00bbno\u00bb type=\u00bbgrid\u00bb angled_section=\u00bbno\u00bb text_align=\u00bbleft\u00bb background_image_as_pattern=\u00bbwithout_pattern\u00bb padding_top=\u00bb80&#8243; padding_bottom=\u00bb49&#8243; css_animation=\u00bb\u00bb qaparallax_content_width=\u00bbin_grid\u00bb][vc_column width=\u00bb1\/2&#8243; el_class=\u00bbcontactoform\u00bb][vc_column_text] SERVICIO T\u00c9CNICO [\/vc_column_text][vc_separator type=\u00bbtransparent\u00bb up=\u00bb22&#8243; down=\u00bb0&#8243;][vc_column_text] [\/vc_column_text][vc_column_text]Podr\u00e1s conectarte a trav\u00e9s de nuestros tel\u00e9fonos (5411) 4572-7004 o (5411) 3424-6414, y uno de nuestros representantes podr\u00e1 resolver cualquier duda o consulta. [\/vc_column_text][vc_separator type=\u00bbtransparent\u00bb up=\u00bb22&#8243;&#8230;<\/p>\n","protected":false},"author":1,"featured_media":0,"parent":0,"menu_order":0,"comment_status":"open","ping_status":"closed","template":"full_width.php","meta":{"footnotes":""},"class_list":["post-15445","page","type-page","status-publish","hentry"],"_links":{"self":[{"href":"https:\/\/veccsa.com\/_stagev\/wp-json\/wp\/v2\/pages\/15445","targetHints":{"allow":["GET"]}}],"collection":[{"href":"https:\/\/veccsa.com\/_stagev\/wp-json\/wp\/v2\/pages"}],"about":[{"href":"https:\/\/veccsa.com\/_stagev\/wp-json\/wp\/v2\/types\/page"}],"author":[{"embeddable":true,"href":"https:\/\/veccsa.com\/_stagev\/wp-json\/wp\/v2\/users\/1"}],"replies":[{"embeddable":true,"href":"https:\/\/veccsa.com\/_stagev\/wp-json\/wp\/v2\/comments?post=15445"}],"version-history":[{"count":67,"href":"https:\/\/veccsa.com\/_stagev\/wp-json\/wp\/v2\/pages\/15445\/revisions"}],"predecessor-version":[{"id":16822,"href":"https:\/\/veccsa.com\/_stagev\/wp-json\/wp\/v2\/pages\/15445\/revisions\/16822"}],"wp:attachment":[{"href":"https:\/\/veccsa.com\/_stagev\/wp-json\/wp\/v2\/media?parent=15445"}],"curies":[{"name":"wp","href":"https:\/\/api.w.org\/{rel}","templated":true}]}}